{"id":489,"date":"2016-03-02T17:08:58","date_gmt":"2016-03-02T17:08:58","guid":{"rendered":"http:\/\/iug-trans.md\/?page_id=489"},"modified":"2017-03-21T16:32:24","modified_gmt":"2017-03-21T16:32:24","slug":"istoria","status":"publish","type":"page","link":"https:\/\/iug-trans.md\/ro\/istoria\/","title":{"rendered":"Istoria"},"content":{"rendered":"<p><\/p>\n<ul>\n<li>Compania SA \u201cIugintertrans\u201d a fost creat\u0103 la data de 24 iunie 1994. SA \u201cIugintertrans\u201d este o persoan\u0103 juridic\u0103 \u0219i are independen\u021b\u0103 juridic\u0103, financiar\u0103, economic\u0103 \u0219i organiza\u021bional\u0103.<\/li>\n<li>SA \u201cIugintertrans\u201d \u00ee\u0219i are sediul \u00een sudul Moldovei, \u00een ora\u0219ul Taraclia.<\/li>\n<li>Compania noastr\u0103 se afl\u0103 pe teritoriul SA \u201cVolan \u2014 Autotrans\u201d, a c\u0103rei pachet majoritar de ac\u021biuni este de\u021bin\u0103toare.<\/li>\n<\/ul>\n<h3 style=\"text-align: center;\"><strong> Structura de produc\u021bie SA \u201cIUGINTERTRANS\u201d <\/strong><\/h3>\n<p style=\"text-align: left;\"><strong>Categoria de personal <\/strong><em><img loading=\"lazy\" decoding=\"async\" class=\"wp-image-908 alignright\" src=\"http:\/\/iug-trans.md\/wp-content\/uploads\/2016\/03\/miss-1024x768.jpg\" alt=\"miss\" width=\"497\" height=\"373\" srcset=\"https:\/\/iug-trans.md\/wp-content\/uploads\/2016\/03\/miss-1024x768.jpg 1024w, https:\/\/iug-trans.md\/wp-content\/uploads\/2016\/03\/miss-300x225.jpg 300w, https:\/\/iug-trans.md\/wp-content\/uploads\/2016\/03\/miss-768x576.jpg 768w, https:\/\/iug-trans.md\/wp-content\/uploads\/2016\/03\/miss.jpg 2000w\" sizes=\"(max-width: 497px) 100vw, 497px\" \/><\/em><\/p>\n<p><span style=\"text-decoration: underline; color: #000000;\">Departamentul de proiectare<\/span><br \/>\n&#8211; Serviciul de logistic\u0103<br \/>\n&#8211; Serviciul vamal<\/p>\n<p><span style=\"text-decoration: underline;\"><span style=\"color: #000000; text-decoration: underline;\">Departamentul transportului<\/span><\/span><br \/>\n&#8211; Serviciul de dispecerat<br \/>\n&#8211; Serviciul asisten\u021bei tehnice \u0219i a securit\u0103\u021bii traficului<br \/>\n&#8211; Serviciul de transport<\/p>\n<p><span style=\"text-decoration: underline;\"><span style=\"color: #000000; text-decoration: underline;\">Serviciul de munc\u0103 \u0219i salarii<\/span><\/span><br \/>\n&#8211; Serviciul de analiz\u0103 \u0219i decont\u0103ri<br \/>\n&#8211; Departamentul de contabilitate<\/p>\n<p>&nbsp;<\/p>\n<p>&nbsp;<\/p>","protected":false},"excerpt":{"rendered":"<p>Compania SA \u201cIugintertrans\u201d a fost creat\u0103 la data de 24 iunie 1994. SA \u201cIugintertrans\u201d este o persoan\u0103 juridic\u0103 \u0219i are independen\u021b\u0103 juridic\u0103, financiar\u0103, economic\u0103 \u0219i organiza\u021bional\u0103. SA \u201cIugintertrans\u201d \u00ee\u0219i are sediul \u00een sudul Moldovei, \u00een ora\u0219ul Taraclia. Compania noastr\u0103 se afl\u0103 pe teritoriul SA \u201cVolan \u2014 Autotrans\u201d, a c\u0103rei pachet majoritar de ac\u021biuni este de\u021bin\u0103toare. &hellip;<\/p>\n","protected":false},"author":1,"featured_media":0,"parent":0,"menu_order":0,"comment_status":"closed","ping_status":"closed","template":"","meta":{"footnotes":""},"acf":[],"aioseo_notices":[],"_links":{"self":[{"href":"https:\/\/iug-trans.md\/ro\/wp-json\/wp\/v2\/pages\/489"}],"collection":[{"href":"https:\/\/iug-trans.md\/ro\/wp-json\/wp\/v2\/pages"}],"about":[{"href":"https:\/\/iug-trans.md\/ro\/wp-json\/wp\/v2\/types\/page"}],"author":[{"embeddable":true,"href":"https:\/\/iug-trans.md\/ro\/wp-json\/wp\/v2\/users\/1"}],"replies":[{"embeddable":true,"href":"https:\/\/iug-trans.md\/ro\/wp-json\/wp\/v2\/comments?post=489"}],"version-history":[{"count":19,"href":"https:\/\/iug-trans.md\/ro\/wp-json\/wp\/v2\/pages\/489\/revisions"}],"predecessor-version":[{"id":1011,"href":"https:\/\/iug-trans.md\/ro\/wp-json\/wp\/v2\/pages\/489\/revisions\/1011"}],"wp:attachment":[{"href":"https:\/\/iug-trans.md\/ro\/wp-json\/wp\/v2\/media?parent=489"}],"curies":[{"name":"wp","href":"https:\/\/api.w.org\/{rel}","templated":true}]}}