{"id":6,"date":"2015-04-14T10:13:09","date_gmt":"2015-04-14T10:13:09","guid":{"rendered":"http:\/\/xml-io.proteusthemes.com\/cargopress\/?page_id=6"},"modified":"2023-11-01T08:34:20","modified_gmt":"2023-11-01T08:34:20","slug":"home","status":"publish","type":"page","link":"https:\/\/iug-trans.md\/ro\/","title":{"rendered":"Home"},"content":{"rendered":"<div id=\"pl-6\"  class=\"panel-layout\" ><div id=\"pg-6-0\"  class=\"panel-grid panel-no-style\" ><div id=\"pgc-6-0-0\"  class=\"panel-grid-cell\" ><div id=\"panel-6-0-0-0\" class=\"so-panel widget widget_media_image panel-first-child panel-last-child\" data-index=\"0\" ><img loading=\"lazy\" decoding=\"async\" width=\"1920\" height=\"600\" src=\"https:\/\/iug-trans.md\/wp-content\/uploads\/2015\/04\/slider_1V2.jpg\" class=\"image wp-image-863  attachment-full size-full\" alt=\"\" style=\"max-width: 100%; height: auto;\" srcset=\"https:\/\/iug-trans.md\/wp-content\/uploads\/2015\/04\/slider_1V2.jpg 1920w, https:\/\/iug-trans.md\/wp-content\/uploads\/2015\/04\/slider_1V2-300x94.jpg 300w, https:\/\/iug-trans.md\/wp-content\/uploads\/2015\/04\/slider_1V2-768x240.jpg 768w, https:\/\/iug-trans.md\/wp-content\/uploads\/2015\/04\/slider_1V2-1024x320.jpg 1024w\" sizes=\"(max-width: 1920px) 100vw, 1920px\" \/><\/div><\/div><\/div><div id=\"pg-6-1\"  class=\"panel-grid panel-no-style\" ><div id=\"pgc-6-1-0\"  class=\"panel-grid-cell\" ><div id=\"panel-6-1-0-0\" class=\"so-panel widget widget_black-studio-tinymce widget_black_studio_tinymce panel-first-child panel-last-child\" data-index=\"1\" ><h3 class=\"widget-title\"><span class=\"widget-title__inline\">DESPRE NOI<\/span><\/h3><div class=\"textwidget\">Companie SA \"Iugintertrans\" creata 24 iunie 1994. SA \"Iugintertrans\" este o persoan\u0103 juridic\u0103\u0219i are independen\u021ba juridic\u0103 financiar\u0103, economic\u0103 \u0219i organiza\u021bional\u0103...\n\n<a href=\"http:\/\/iug-trans.md\/en\/istoria\/\">MAI MULT<\/a><\/div><\/div><\/div><div id=\"pgc-6-1-1\"  class=\"panel-grid-cell\" >\n\t\t<div id=\"panel-6-1-1-0\" class=\"so-panel widget widget_recent-posts widget_recent_entries panel-first-child panel-last-child\" data-index=\"2\" >\n\t\t<h3 class=\"widget-title\"><span class=\"widget-title__inline\">\u0218TIRI<\/span><\/h3>\n\t\t<ul>\n\t\t\t\t\t\t\t\t\t\t\t<li>\n\t\t\t\t\t<a href=\"https:\/\/iug-trans.md\/ro\/%d1%81-1-%d0%bd%d0%be%d1%8f%d0%b1%d1%80%d1%8f-%d0%bf%d0%be-31%d0%bc%d0%b0%d1%80%d1%82%d0%b0-%d0%b2%d0%be%d0%b4%d0%b8%d1%82%d0%b5%d0%bb%d0%b8-%d0%b2-%d0%bc%d0%be%d0%bb%d0%b4%d0%be%d0%b2%d0%b5-%d0%be\/\">\u0421 1 \u043d\u043e\u044f\u0431\u0440\u044f \u043f\u043e 31\u043c\u0430\u0440\u0442\u0430, \u0432\u043e\u0434\u0438\u0442\u0435\u043b\u0438 \u0432 \u041c\u043e\u043b\u0434\u043e\u0432\u0435 \u043e\u0431\u044f\u0437\u0430\u043d\u044b \u0435\u0437\u0434\u0438\u0442\u044c \u0441 \u0431\u043b\u0438\u0436\u043d\u0438\u043c \u0441\u0432\u0435\u0442\u043e\u043c \u0444\u0430\u0440.<\/a>\n\t\t\t\t\t\t\t\t\t<\/li>\n\t\t\t\t\t\t\t\t\t\t\t<li>\n\t\t\t\t\t<a href=\"https:\/\/iug-trans.md\/ro\/%d0%b8-%d0%be-%d1%84%d1%83%d1%82%d0%b1%d0%be%d0%bb%d0%b5\/\">(\u0420\u0443\u0441\u0441\u043a\u0438\u0439) \u0418 \u043e \u0444\u0443\u0442\u0431\u043e\u043b\u0435<\/a>\n\t\t\t\t\t\t\t\t\t<\/li>\n\t\t\t\t\t<\/ul>\n\n\t\t<\/div><\/div><\/div><\/div>","protected":false},"excerpt":{"rendered":"<p>Companie SA &#8222;Iugintertrans&#8221; creata 24 iunie 1994. SA &#8222;Iugintertrans&#8221; este o persoan\u0103 juridic\u0103\u0219i are independen\u021ba juridic\u0103 financiar\u0103, economic\u0103 \u0219i organiza\u021bional\u0103&#8230; MAI MULT<\/p>\n","protected":false},"author":1,"featured_media":0,"parent":0,"menu_order":0,"comment_status":"closed","ping_status":"open","template":"template-front-page-slider.php","meta":{"footnotes":""},"acf":[],"aioseo_notices":[],"_links":{"self":[{"href":"https:\/\/iug-trans.md\/ro\/wp-json\/wp\/v2\/pages\/6"}],"collection":[{"href":"https:\/\/iug-trans.md\/ro\/wp-json\/wp\/v2\/pages"}],"about":[{"href":"https:\/\/iug-trans.md\/ro\/wp-json\/wp\/v2\/types\/page"}],"author":[{"embeddable":true,"href":"https:\/\/iug-trans.md\/ro\/wp-json\/wp\/v2\/users\/1"}],"replies":[{"embeddable":true,"href":"https:\/\/iug-trans.md\/ro\/wp-json\/wp\/v2\/comments?post=6"}],"version-history":[{"count":39,"href":"https:\/\/iug-trans.md\/ro\/wp-json\/wp\/v2\/pages\/6\/revisions"}],"predecessor-version":[{"id":1205,"href":"https:\/\/iug-trans.md\/ro\/wp-json\/wp\/v2\/pages\/6\/revisions\/1205"}],"wp:attachment":[{"href":"https:\/\/iug-trans.md\/ro\/wp-json\/wp\/v2\/media?parent=6"}],"curies":[{"name":"wp","href":"https:\/\/api.w.org\/{rel}","templated":true}]}}