{"id":99,"date":"2015-04-23T12:38:18","date_gmt":"2015-04-23T12:38:18","guid":{"rendered":"http:\/\/xml-io.proteusthemes.com\/cargopress\/?page_id=99"},"modified":"2017-03-31T15:41:55","modified_gmt":"2017-03-31T15:41:55","slug":"vnutr-perevozki","status":"publish","type":"page","link":"https:\/\/iug-trans.md\/ro\/services\/vnutr-perevozki\/","title":{"rendered":"Transport interior"},"content":{"rendered":"<div id=\"pl-99\"  class=\"panel-layout\" ><div id=\"pg-99-0\"  class=\"panel-grid panel-no-style\" ><div id=\"pgc-99-0-0\"  class=\"panel-grid-cell\" ><div id=\"panel-99-0-0-0\" class=\"so-panel widget widget_black-studio-tinymce widget_black_studio_tinymce panel-first-child panel-last-child\" data-index=\"0\" ><div class=\"textwidget\"><p>Iugintertrans S.A. efectueaz\u0103 transportul na\u021bional rutier de m\u0103rfuri (transportarea \u00een interiorul Moldovei). Colabor\u0103m cu succes cu mul\u021bi clien\u021bi din regiunile sudice ale Moldovei \u0219i livr\u0103m m\u0103rfurile din Chi\u0219in\u0103u \u0219i din raioanele centrale \u00een Taraclia, Cahul, Cead\u00eer-Lunga, Vulc\u0103ne\u0219ti. Compania noastr\u0103 studiaz\u0103 propunerile \u0219i ofer\u0103 transport din regiunile sudice ale \u021b\u0103rii oriunde \u00een Moldova. De asemenea prest\u0103m \u0219i transportul m\u0103rfii \u201cpe cerc\u201d.<\/p>\n<p>\n<\/div><\/div><\/div><div id=\"pgc-99-0-1\"  class=\"panel-grid-cell\" ><div id=\"panel-99-0-1-0\" class=\"so-panel widget widget_black-studio-tinymce widget_black_studio_tinymce panel-first-child panel-last-child\" data-index=\"1\" ><div class=\"textwidget\"><p>\u00a0<\/p>\n<p><img loading=\"lazy\" decoding=\"async\" class=\"alignnone size-large wp-image-897\" src=\"http:\/\/iug-trans.md\/wp-content\/uploads\/2015\/04\/Vnutrinie-1024x731.jpg\" alt=\"Vnutrinie\" width=\"1024\" height=\"731\" srcset=\"https:\/\/iug-trans.md\/wp-content\/uploads\/2015\/04\/Vnutrinie-1024x731.jpg 1024w, https:\/\/iug-trans.md\/wp-content\/uploads\/2015\/04\/Vnutrinie-300x214.jpg 300w, https:\/\/iug-trans.md\/wp-content\/uploads\/2015\/04\/Vnutrinie-768x549.jpg 768w, https:\/\/iug-trans.md\/wp-content\/uploads\/2015\/04\/Vnutrinie-100x70.jpg 100w\" sizes=\"(max-width: 1024px) 100vw, 1024px\" \/><\/p>\n<\/div><\/div><\/div><\/div><\/div>","protected":false},"excerpt":{"rendered":"<p>Iugintertrans S.A. efectueaz\u0103 transportul na\u021bional rutier de m\u0103rfuri (transportarea \u00een interiorul Moldovei). Colabor\u0103m cu succes cu mul\u021bi clien\u021bi din regiunile sudice ale Moldovei \u0219i livr\u0103m m\u0103rfurile din Chi\u0219in\u0103u \u0219i din raioanele centrale \u00een Taraclia, Cahul, Cead\u00eer-Lunga, Vulc\u0103ne\u0219ti. Compania noastr\u0103 studiaz\u0103 propunerile \u0219i ofer\u0103 transport din regiunile sudice ale \u021b\u0103rii oriunde \u00een Moldova. De asemenea prest\u0103m &hellip;<\/p>\n","protected":false},"author":1,"featured_media":0,"parent":76,"menu_order":0,"comment_status":"closed","ping_status":"open","template":"","meta":{"footnotes":""},"acf":[],"aioseo_notices":[],"_links":{"self":[{"href":"https:\/\/iug-trans.md\/ro\/wp-json\/wp\/v2\/pages\/99"}],"collection":[{"href":"https:\/\/iug-trans.md\/ro\/wp-json\/wp\/v2\/pages"}],"about":[{"href":"https:\/\/iug-trans.md\/ro\/wp-json\/wp\/v2\/types\/page"}],"author":[{"embeddable":true,"href":"https:\/\/iug-trans.md\/ro\/wp-json\/wp\/v2\/users\/1"}],"replies":[{"embeddable":true,"href":"https:\/\/iug-trans.md\/ro\/wp-json\/wp\/v2\/comments?post=99"}],"version-history":[{"count":13,"href":"https:\/\/iug-trans.md\/ro\/wp-json\/wp\/v2\/pages\/99\/revisions"}],"predecessor-version":[{"id":1157,"href":"https:\/\/iug-trans.md\/ro\/wp-json\/wp\/v2\/pages\/99\/revisions\/1157"}],"up":[{"embeddable":true,"href":"https:\/\/iug-trans.md\/ro\/wp-json\/wp\/v2\/pages\/76"}],"wp:attachment":[{"href":"https:\/\/iug-trans.md\/ro\/wp-json\/wp\/v2\/media?parent=99"}],"curies":[{"name":"wp","href":"https:\/\/api.w.org\/{rel}","templated":true}]}}